{"id":34,"date":"2024-05-24T06:16:07","date_gmt":"2024-05-24T05:16:07","guid":{"rendered":"https:\/\/rafwater.com\/?page_id=34"},"modified":"2024-11-12T12:41:10","modified_gmt":"2024-11-12T12:41:10","slug":"quienes-somos","status":"publish","type":"page","link":"https:\/\/rafpurifiedwater.com\/index.php\/quienes-somos\/","title":{"rendered":"QUI\u00c9NES SOMOS"},"content":{"rendered":"<div class=\"wpb-content-wrapper\"><p>[vc_row full_width=&#8221;stretch_row_content_no_spaces&#8221; el_disable_mobile=&#8221;1&#8243; el_class=&#8221;banner&#8221; css=&#8221;.vc_custom_1716864299558{margin-top: 0px !important;margin-right: 0px !important;margin-bottom: 0px !important;margin-left: 0px !important;border-top-width: 0px !important;border-right-width: 0px !important;border-bottom-width: 0px !important;border-left-width: 0px !important;padding-top: 0px !important;padding-right: 0px !important;padding-bottom: 0px !important;padding-left: 0px !important;}&#8221;][vc_column]<div class=\"avt_masterslider_el \" >\n\t\t<!-- MasterSlider -->\n\t\t<div id=\"P_MS69de23c81468b\" class=\"master-slider-parent ms-parent-id-2\" style=\"\" >\n\n\t\t\t\n\t\t\t<!-- MasterSlider Main -->\n\t\t\t<div id=\"MS69de23c81468b\" class=\"master-slider ms-skin-default\" >\n\t\t\t\t \t\t\t\t \n<div class=\"ms-overlay-layers\">\t\t\t\t\t<img  class=\"ms-layer\" src=\"https:\/\/rafpurifiedwater.com\/wp-content\/plugins\/masterslider\/public\/assets\/css\/blank.gif\" data-src=\"https:\/\/rafpurifiedwater.com\/wp-content\/uploads\/2024\/05\/white-wave-lower.png\" alt=\"\" style=\"\"     data-ease=\"easeOutQuint\"        data-type=\"image\"          data-offset-x=\"0\" data-offset-y=\"506\" data-origin=\"tl\"  \/>\n\n<\/div>\n\t\t\t<div  class=\"ms-slide\" data-delay=\"3\" data-fill-mode=\"fill\"   >\n\t\t\t\t\t<img src=\"https:\/\/rafpurifiedwater.com\/wp-content\/plugins\/masterslider\/public\/assets\/css\/blank.gif\" alt=\"\" title=\"banner1x\" data-src=\"https:\/\/rafpurifiedwater.com\/wp-content\/uploads\/2024\/05\/bannerceleste1.jpg\" \/>\n\n\n\t\t\t\t<\/div>\n\n\t\t\t<\/div>\n\t\t\t<!-- END MasterSlider Main -->\n\n\t\t\t \n\t\t<\/div>\n\t\t<!-- END MasterSlider -->\n\n\t\t<script>\n\t\t( window.MSReady = window.MSReady || [] ).push( function( $ ) {\n\n\t\t\t\"use strict\";\n\t\t\tvar masterslider_468b = new MasterSlider();\n\n\t\t\t\/\/ slider controls\n\t\t\t\/\/ slider setup\n\t\t\tmasterslider_468b.setup(\"MS69de23c81468b\", {\n\t\t\t\twidth           : 1920,\n\t\t\t\theight          : 550,\n\t\t\t\tminHeight       : 0,\n\t\t\t\tspace           : 0,\n\t\t\t\tstart           : 1,\n\t\t\t\tgrabCursor      : true,\n\t\t\t\tswipe           : true,\n\t\t\t\tmouse           : true,\n\t\t\t\tkeyboard        : false,\n\t\t\t\tlayout          : \"fillwidth\",\n\t\t\t\twheel           : false,\n\t\t\t\tautoplay        : false,\n                instantStartLayers:false,\n\t\t\t\tmobileBGVideo:false,\n\t\t\t\tloop            : false,\n\t\t\t\tshuffle         : false,\n\t\t\t\tpreload         : 0,\n\t\t\t\theightLimit     : true,\n\t\t\t\tautoHeight      : false,\n\t\t\t\tsmoothHeight    : true,\n\t\t\t\tendPause        : false,\n\t\t\t\toverPause       : true,\n\t\t\t\tfillMode        : \"fill\",\n\t\t\t\tcenterControls  : true,\n\t\t\t\tstartOnAppear   : false,\n\t\t\t\tlayersMode      : \"center\",\n\t\t\t\tautofillTarget  : \"\",\n\t\t\t\thideLayers      : false,\n\t\t\t\tfullscreenMargin: 0,\n\t\t\t\tspeed           : 20,\n\t\t\t\tdir             : \"h\",\n\t\t\t\tresponsive      : true,\n\t\t\t\ttabletWidth     : 768,\n\t\t\t\ttabletHeight    : null,\n\t\t\t\tphoneWidth      : 480,\n\t\t\t\tphoneHeight    : null,\n\t\t\t\tsizingReference : window,\n\t\t\t\tparallaxMode    : 'swipe',\n\t\t\t\tview            : \"basic\"\n\t\t\t});\n\n\t\t\t\n\t\t\twindow.masterslider_instances = window.masterslider_instances || [];\n\t\t\twindow.masterslider_instances.push( masterslider_468b );\n\t\t});\n\t\t<\/script>\n\n<\/div>[\/vc_column][\/vc_row][vc_row full_width=&#8221;stretch_row_content_no_spaces&#8221; el_disable_desktop=&#8221;1&#8243; el_class=&#8221;banner&#8221; css=&#8221;.vc_custom_1716864747511{margin-top: 0px !important;margin-right: 0px !important;margin-bottom: 0px !important;margin-left: 0px !important;border-top-width: 0px !important;border-right-width: 0px !important;border-bottom-width: 0px !important;border-left-width: 0px !important;padding-top: 0px !important;padding-right: 0px !important;padding-bottom: 0px !important;padding-left: 0px !important;}&#8221;][vc_column]<div class=\"avt_masterslider_el \" >\n\t\t<!-- MasterSlider -->\n\t\t<div id=\"P_MS69de23c814c53\" class=\"master-slider-parent ms-parent-id-3\" style=\"\" >\n\n\t\t\t\n\t\t\t<!-- MasterSlider Main -->\n\t\t\t<div id=\"MS69de23c814c53\" class=\"master-slider ms-skin-default\" >\n\t\t\t\t \t\t\t\t \n\n\t\t\t<div  class=\"ms-slide\" data-delay=\"3\" data-fill-mode=\"fill\"   >\n\t\t\t\t\t<img src=\"https:\/\/rafpurifiedwater.com\/wp-content\/plugins\/masterslider\/public\/assets\/css\/blank.gif\" alt=\"\" title=\"bannercel1\" data-src=\"https:\/\/rafpurifiedwater.com\/wp-content\/uploads\/2024\/05\/bannercel1.jpg\" \/>\n\n\n\t\t\t\t<\/div>\n\t\t\t<div  class=\"ms-slide\" data-delay=\"3\" data-fill-mode=\"fill\"   >\n\n\n\t\t\t\t<\/div>\n\t\t\t<div  class=\"ms-slide\" data-delay=\"3\" data-fill-mode=\"fill\"   >\n\n\n\t\t\t\t<\/div>\n\n\t\t\t<\/div>\n\t\t\t<!-- END MasterSlider Main -->\n\n\t\t\t \n\t\t<\/div>\n\t\t<!-- END MasterSlider -->\n\n\t\t<script>\n\t\t( window.MSReady = window.MSReady || [] ).push( function( $ ) {\n\n\t\t\t\"use strict\";\n\t\t\tvar masterslider_4c53 = new MasterSlider();\n\n\t\t\t\/\/ slider controls\n\t\t\tmasterslider_4c53.control('arrows'     ,{ autohide:true, overVideo:true  });\n\t\t\t\/\/ slider setup\n\t\t\tmasterslider_4c53.setup(\"MS69de23c814c53\", {\n\t\t\t\twidth           : 800,\n\t\t\t\theight          : 930,\n\t\t\t\tminHeight       : 0,\n\t\t\t\tspace           : 0,\n\t\t\t\tstart           : 1,\n\t\t\t\tgrabCursor      : true,\n\t\t\t\tswipe           : true,\n\t\t\t\tmouse           : true,\n\t\t\t\tkeyboard        : false,\n\t\t\t\tlayout          : \"fillwidth\",\n\t\t\t\twheel           : false,\n\t\t\t\tautoplay        : false,\n                instantStartLayers:false,\n\t\t\t\tmobileBGVideo:false,\n\t\t\t\tloop            : true,\n\t\t\t\tshuffle         : false,\n\t\t\t\tpreload         : 0,\n\t\t\t\theightLimit     : true,\n\t\t\t\tautoHeight      : false,\n\t\t\t\tsmoothHeight    : true,\n\t\t\t\tendPause        : false,\n\t\t\t\toverPause       : true,\n\t\t\t\tfillMode        : \"fill\",\n\t\t\t\tcenterControls  : true,\n\t\t\t\tstartOnAppear   : false,\n\t\t\t\tlayersMode      : \"center\",\n\t\t\t\tautofillTarget  : \"\",\n\t\t\t\thideLayers      : false,\n\t\t\t\tfullscreenMargin: 0,\n\t\t\t\tspeed           : 20,\n\t\t\t\tdir             : \"h\",\n\t\t\t\tresponsive      : true,\n\t\t\t\ttabletWidth     : 768,\n\t\t\t\ttabletHeight    : null,\n\t\t\t\tphoneWidth      : 480,\n\t\t\t\tphoneHeight    : null,\n\t\t\t\tsizingReference : window,\n\t\t\t\tparallaxMode    : 'swipe',\n\t\t\t\tview            : \"basic\"\n\t\t\t});\n\n\t\t\t\n\t\t\twindow.masterslider_instances = window.masterslider_instances || [];\n\t\t\twindow.masterslider_instances.push( masterslider_4c53 );\n\t\t});\n\t\t<\/script>\n\n<\/div>[\/vc_column][\/vc_row][vc_row full_width=&#8221;stretch_row&#8221; css=&#8221;.vc_custom_1716895543138{background: #ffffff url(https:\/\/rafpurifiedwater.com\/wp-content\/uploads\/2024\/05\/fondopagina.jpg?id=483) !important;}&#8221;][vc_column][vc_column_text css=&#8221;.vc_custom_1716895665698{margin-bottom: 0px !important;padding-top: 30px !important;padding-right: 30px !important;padding-bottom: 0px !important;padding-left: 30px !important;background-color: #ffffff !important;}&#8221;]<\/p>\n<h1 style=\"text-align: center;\"><span style=\"color: #00ccff;\">QUI\u00c9NES<\/span> <span style=\"color: #05387a;\">SOMOS<br \/>\n<img class=\"alignnone wp-image-172\" src=\"https:\/\/rafpurifiedwater.com\/wp-content\/uploads\/2024\/05\/heading-bg.png\" alt=\"\" width=\"84\" height=\"15\" \/><\/span><\/h1>\n<p>[\/vc_column_text][vc_column_text css=&#8221;.vc_custom_1717397989325{margin-bottom: 0px !important;padding-right: 30px !important;padding-bottom: 40px !important;padding-left: 30px !important;background-color: #ffffff !important;}&#8221;]<img class=\"imagenderecha alignright wp-image-850\" src=\"https:\/\/rafpurifiedwater.com\/wp-content\/uploads\/2024\/06\/about1.jpg\" alt=\"\" width=\"450\" height=\"300\" \/>RAF Purified Water Systems es una Division de RAF Solar Power LLC\u00a0 y esta dirigido por su fundador Licenciado en administraci\u00f3n de negocios de la Universidad de Lima, Peru, Sr. Rafael Cabello, que cuenta con un equipo de ventas con una vasta experiencia en la venta de sistemas de tratamiento del agua.<\/p>\n<p>La experiencia de nuestro fundador data desde el 2005 cuando llego como inmigrante a la ciudad de Alexandria, Virginia y fue reclutado como Manager de ventas de la compa\u00f1\u00eda Puretech Water treatment System Inc, reclutando, capacitando, tocando puertas y vendiendo en forma directa a cada cliente en el \u00e1rea.<\/p>\n<p>Contamos con un staff de analistas del agua que lo ayudaran inform\u00e1ndole sobre la calidad de agua de su casa, analizandola en tiempo real, sin costo alguno e introducirlo en\u00a0 el proceso de calificaci\u00f3n para obtener el mejor producto para purificar el agua de toda su casa.<\/p>\n<h2><span style=\"color: #004691;\">ORIGEN<\/span><\/h2>\n<p>La Divisi\u00f3n de RAF Purified Water System fue creada en Enero el a\u00f1o 2024 como parte de la organizaci\u00f3n de RAF Solar Power LLC y nace de la necesidad de brindar a sus clientes proyectos de mejoramiento del hogar a trav\u00e9s de sistemas de tratamiento de purificaci\u00f3n del agua potable con productos de alta tecnolog\u00eda para la producci\u00f3n y \u00a0consumo directo en sus propias residencias de agua purificada libre de contaminantes.<\/p>\n<h2><span style=\"color: #004691;\">MISI\u00d3N<\/span><\/h2>\n<p><img class=\"imagenizquierda alignleft wp-image-849\" src=\"https:\/\/rafpurifiedwater.com\/wp-content\/uploads\/2024\/06\/about4.jpg\" alt=\"\" width=\"450\" height=\"300\" \/>Nuestra misi\u00f3n es satisfacer las necesidad de agua purificada de nuestros clientes en la comodidad de sus hogares con productos de calidad que generen salud y sean una fuente de vida, con los mejores equipos disponibles en el mercado y as\u00ed evitar la compra de costosos y pesados paquetes que contienen botellas de pl\u00e1stico con agua de las tiendas y supermercados, que contaminan el medio ambiente por no ser de un material biodegradable, al ser desechadas en los botaderos de basura o en los mares y r\u00edos cercanos. El agua embotellada contiene peque\u00f1as part\u00edculas o micro-part\u00edculas de pl\u00e1stico presentes en las mismas botellas. (Fuente: EPA)<\/p>\n<p>Adem\u00e1s, nuestra misi\u00f3n es concientizar a la poblaci\u00f3n de la mejora de la calidad de agua potable que se usa en cada residencia evitando consumir el cloro, plomo, ars\u00e9nico, \u00f3xidos, fluoruro, cal, nitratos, nitritos, fosfatos, pesticidas, f\u00e1rmacos, fertilizantes, metales pesados, sustancias radioactivas, contaminantes qu\u00edmicos desechadas por las industrias y hospitales cercanos que podr\u00edan estar presentes en el agua potable, a\u00fan siendo apta para el consumo humano y afectar nuestra salud.<\/p>\n<p>Educar a la poblaci\u00f3n sobre los desechos de materia org\u00e1nica de origen humano como la materia fecal desechada en los vertederos de agua y otras sustancias que contengan bacterias como la Salmonella, E-Coli y virus presentes en el agua, pueden ser los causantes de fiebre tifoidea y otras enfermedades estomacales.<\/p>\n<p>Esta materia org\u00e1nica al mezclarse con los sub-productos de la cloronizaci\u00f3n se convierten en Trihalometanos que son agentes cancer\u00edgenos nocivos para la salud, adem\u00e1s de los PFAs presentes en el agua potable que son qu\u00edmicos artificiales de todas las industrias que se derraman y desechan sus residuos de la producci\u00f3n industrial en los Estados Unidos de Am\u00e9rica. (Fuente: EPA)<\/p>\n<h2><span style=\"color: #004691;\">VISI\u00d3N<\/span><\/h2>\n<p><img class=\"imagenderecha alignright wp-image-881\" src=\"https:\/\/rafpurifiedwater.com\/wp-content\/uploads\/2024\/06\/diploma.jpg\" alt=\"\" width=\"406\" height=\"307\" \/>Nuestra visi\u00f3n es que cada familia o residencia en el \u00e1rea de Maryland, Virginia y Washington DC cuente con un sistema de tratamiento del agua que permita eliminar el 99.99% de contaminantes presente en el agua potable y del agua embotellada evitando as\u00ed enfermedades a la poblaci\u00f3n, proporcionando agua pura de calidad, de forma continua y en cantidades ilimitadas en su hogar para proteger la salud de todos los integrantes de la familia.<\/p>\n<p>As\u00ed como hoy en d\u00eda un sistema de aire acondicionado o calefacci\u00f3n del aire es parte obligada en una nueva construcci\u00f3n residencial, los sistemas de purificaci\u00f3n del agua potable sean parte necesaria e imprescindible para mejorar la calidad del agua que los usuarios consuman en su hogar.<\/p>\n<p>&nbsp;<\/p>\n<p>[\/vc_column_text][\/vc_column][\/vc_row][vc_row][vc_column width=&#8221;1\/4&#8243;][vc_column_text]<a href=\"https:\/\/rafsolarpower.com\/\" target=\"_blank\" rel=\"noopener\"><img class=\"wp-image-845 aligncenter\" src=\"https:\/\/rafpurifiedwater.com\/wp-content\/uploads\/2024\/06\/logo.png\" alt=\"\" width=\"219\" height=\"82\" \/><\/a>[\/vc_column_text][\/vc_column][vc_column width=&#8221;1\/4&#8243;][vc_column_text]<a href=\"https:\/\/wqa.org\/grow\/product-certification\/\" target=\"_blank\" rel=\"noopener\"><img class=\"wp-image-764 aligncenter\" src=\"https:\/\/rafpurifiedwater.com\/wp-content\/uploads\/2024\/05\/waterqualitytested.png\" alt=\"\" width=\"82\" height=\"82\" \/><\/a>[\/vc_column_text][\/vc_column][vc_column width=&#8221;1\/4&#8243;][vc_column_text]<a href=\"https:\/\/www.bbb.org\/us\/md\/hagerstown\/profile\/solar-energy-product-services\/raf-solar-power-llc-0011-90369516\" target=\"_blank\" rel=\"noopener\"><img class=\"wp-image-755 aligncenter\" src=\"https:\/\/rafpurifiedwater.com\/wp-content\/uploads\/2024\/05\/bbblogo.png\" alt=\"\" width=\"210\" height=\"80\" \/><\/a>[\/vc_column_text][\/vc_column][vc_column width=&#8221;1\/4&#8243;][vc_column_text]<a href=\"https:\/\/wqa.org\/\" target=\"_blank\" rel=\"noopener\"><img class=\"wp-image-758 aligncenter\" src=\"https:\/\/rafpurifiedwater.com\/wp-content\/uploads\/2024\/05\/waterquality.jpg\" alt=\"\" width=\"185\" height=\"80\" \/><\/a>[\/vc_column_text][\/vc_column][\/vc_row][vc_row full_width=&#8221;stretch_row_content_no_spaces&#8221; css=&#8221;.vc_custom_1716777058311{margin-top: 0px !important;margin-right: 0px !important;margin-bottom: 0px !important;margin-left: 0px !important;padding-top: 0px !important;background-color: #002c70 !important;}&#8221; el_id=&#8221;divisorfooter&#8221;][vc_column css=&#8221;.vc_custom_1716702536685{padding-top: 0px !important;}&#8221;][vc_single_image image=&#8221;27&#8243; img_size=&#8221;full&#8221;][\/vc_column][\/vc_row][vc_row full_width=&#8221;stretch_row&#8221; background_position_desktop=&#8221;center bottom&#8221; css=&#8221;.vc_custom_1717395677056{padding-top: 20px !important;padding-bottom: 30px !important;background: #002c70 url(https:\/\/rafpurifiedwater.com\/wp-content\/uploads\/2024\/05\/footerback3.png?id=338) !important;}&#8221; el_id=&#8221;footer&#8221;][vc_column width=&#8221;1\/3&#8243; css=&#8221;.vc_custom_1717395744215{padding-top: 0px !important;padding-right: 40px !important;padding-left: 40px !important;}&#8221;][vc_column_text]<img class=\"alignnone wp-image-905 size-medium\" src=\"https:\/\/rafpurifiedwater.com\/wp-content\/uploads\/2024\/11\/logo-raf-webw-300x137.png\" alt=\"\" width=\"300\" height=\"137\" srcset=\"https:\/\/rafpurifiedwater.com\/wp-content\/uploads\/2024\/11\/logo-raf-webw-300x137.png 300w, https:\/\/rafpurifiedwater.com\/wp-content\/uploads\/2024\/11\/logo-raf-webw.png 657w\" sizes=\"(max-width: 300px) 100vw, 300px\" \/>[\/vc_column_text][\/vc_column][vc_column width=&#8221;1\/3&#8243; css=&#8221;.vc_custom_1717396412325{padding-top: 20px !important;padding-left: 85px !important;}&#8221;]<div class=\"gem-icon-with-text gem-icon-with-text-icon-size-small disable-mobile-centered gem-icon-with-text-flow\" ><div style=\"margin-bottom:0px;margin-top:0px; \" class=\"gem-icon-with-text-icon\"><div class=\"gem-icon gem-icon-pack-elegant gem-icon-size-small  gem-icon-shape-square gem-simple-icon\"  style=\"opacity: 1;\"><div class=\"gem-icon-inner\" style=\"\"><span class=\"gem-icon-half-1\" style=\"color: #28c5ff;\"><span class=\"back-angle\">&#xe01d;<\/span><\/span><span class=\"gem-icon-half-2\" style=\"color: #28c5ff;\"><span class=\"back-angle\">&#xe01d;<\/span><\/span><\/div><\/div><\/div><div class=\"gem-icon-with-text-content\" ><div class=\"gem-icon-with-text-text\">[vc_column_text css=&#8221;.vc_custom_1716720119020{margin-bottom: 12px !important;}&#8221;]<strong>Direcci\u00f3n:<\/strong>[\/vc_column_text][vc_column_text]18218 Rockland Drive<br \/>\nHagerstown, MD\u00a0 21740<br \/>\nUnited States[\/vc_column_text]<\/div><\/div><div class=\"clearboth\"><\/div><\/div>[\/vc_column][vc_column width=&#8221;1\/3&#8243; css=&#8221;.vc_custom_1716778966933{padding-top: 20px !important;}&#8221;]<div class=\"gem-icon-with-text gem-icon-with-text-icon-size-large disable-mobile-centered gem-icon-with-text-flow\" ><div style=\"margin-bottom:0px;margin-top:0px; \" class=\"gem-icon-with-text-icon\"><div class=\"gem-icon gem-icon-pack-fontawesome gem-icon-size-large  gem-icon-shape-square gem-simple-icon\"  style=\"opacity: 1;\"><div class=\"gem-icon-inner\" style=\"\"><span class=\"gem-icon-half-1\" style=\"color: #28c5ff;\"><span class=\"back-angle\">&#xf10b;<\/span><\/span><span class=\"gem-icon-half-2\" style=\"color: #28c5ff;\"><span class=\"back-angle\">&#xf10b;<\/span><\/span><\/div><\/div><\/div><div class=\"gem-icon-with-text-content\" ><div class=\"gem-icon-with-text-text\">[vc_column_text]<strong>Tel\u00e9fono:\u00a0<\/strong><br \/>\n+1 703-357-5262<br \/>\n<span style=\"padding: 0 0 0 34px;\">+1 703 599 8381<\/span>[\/vc_column_text]<\/div><\/div><div class=\"clearboth\"><\/div><\/div><div class=\"gem-icon-with-text gem-icon-with-text-icon-size-large disable-mobile-centered gem-icon-with-text-flow\" ><div style=\"margin-bottom:0px;margin-top:0px; \" class=\"gem-icon-with-text-icon\"><div class=\"gem-icon gem-icon-pack-fontawesome gem-icon-size-large  gem-icon-shape-square gem-simple-icon\"  style=\"opacity: 1;\"><div class=\"gem-icon-inner\" style=\"\"><span class=\"gem-icon-half-1\" style=\"color: #28c5ff;\"><span class=\"back-angle\">&#xf10b;<\/span><\/span><span class=\"gem-icon-half-2\" style=\"color: #28c5ff;\"><span class=\"back-angle\">&#xf10b;<\/span><\/span><\/div><\/div><\/div><div class=\"gem-icon-with-text-content\" ><div class=\"gem-icon-with-text-text\">[vc_column_text]<strong>Servicio al cliente: <\/strong>+1 240-543-9381[\/vc_column_text]<\/div><\/div><div class=\"clearboth\"><\/div><\/div><div class=\"gem-icon-with-text gem-icon-with-text-icon-size-small disable-mobile-centered gem-icon-with-text-flow\" ><div style=\"margin-bottom:0px;margin-top:-3px; \" class=\"gem-icon-with-text-icon\"><div class=\"gem-icon gem-icon-pack-elegant gem-icon-size-small  gem-icon-shape-square gem-simple-icon\"  style=\"opacity: 1;\"><div class=\"gem-icon-inner\" style=\"\"><span class=\"gem-icon-half-1\" style=\"color: #28c5ff;\"><span class=\"back-angle\">&#xe010;<\/span><\/span><span class=\"gem-icon-half-2\" style=\"color: #28c5ff;\"><span class=\"back-angle\">&#xe010;<\/span><\/span><\/div><\/div><\/div><div class=\"gem-icon-with-text-content\" ><div class=\"gem-icon-with-text-text\">[vc_column_text]<strong>Email:<\/strong> <a style=\"color: #00bcd4;\" href=\"info@rafwater.com\">info@rafwater.com<\/a>[\/vc_column_text]<\/div><\/div><div class=\"clearboth\"><\/div><\/div>[\/vc_column][\/vc_row][vc_row full_width=&#8221;stretch_row_content&#8221; el_id=&#8221;copyright&#8221;][vc_column width=&#8221;1\/2&#8243;][vc_column_text css=&#8221;.vc_custom_1717107101777{margin-bottom: 0px !important;}&#8221;]<span style=\"color: #99a9b5;\">\u00a9 Copyright 2024 <a href=\"#\">RAF WATER LLC<\/a><\/span>[\/vc_column_text][\/vc_column][vc_column width=&#8221;1\/2&#8243;]<div class=\"socials socials-list socials-colored socials-default socials-alignment-right\"><a class=\"socials-item\" target=\"_blank\" href=\"#\"><i class=\"socials-item-icon facebook\" style=\"font-size: 21px\"><\/i><\/a><a class=\"socials-item\" target=\"_blank\" href=\"#\"><i class=\"socials-item-icon twitter\" style=\"font-size: 21px\"><\/i><\/a><a class=\"socials-item\" target=\"_blank\" href=\"#\"><i class=\"socials-item-icon instagram\" style=\"font-size: 21px\"><\/i><\/a><\/div>[\/vc_column][\/vc_row]<\/p>\n<\/div>","protected":false},"excerpt":{"rendered":"<p>[vc_row full_width=&#8221;stretch_row_content_no_spaces&#8221; el_disable_mobile=&#8221;1&#8243; el_class=&#8221;banner&#8221; css=&#8221;.vc_custom_1716864299558{margin-top: 0px !important;margin-right: 0px !important;margin-bottom: 0px !important;margin-left: 0px !important;border-top-width: 0px !important;border-right-width: 0px !important;border-bottom-width: 0px !important;border-left-width: 0px&#8230;<\/p>\n","protected":false},"author":1,"featured_media":0,"parent":0,"menu_order":0,"comment_status":"closed","ping_status":"closed","template":"","meta":{"footnotes":""},"class_list":["post-34","page","type-page","status-publish"],"_links":{"self":[{"href":"https:\/\/rafpurifiedwater.com\/index.php\/wp-json\/wp\/v2\/pages\/34","targetHints":{"allow":["GET"]}}],"collection":[{"href":"https:\/\/rafpurifiedwater.com\/index.php\/wp-json\/wp\/v2\/pages"}],"about":[{"href":"https:\/\/rafpurifiedwater.com\/index.php\/wp-json\/wp\/v2\/types\/page"}],"author":[{"embeddable":true,"href":"https:\/\/rafpurifiedwater.com\/index.php\/wp-json\/wp\/v2\/users\/1"}],"replies":[{"embeddable":true,"href":"https:\/\/rafpurifiedwater.com\/index.php\/wp-json\/wp\/v2\/comments?post=34"}],"version-history":[{"count":37,"href":"https:\/\/rafpurifiedwater.com\/index.php\/wp-json\/wp\/v2\/pages\/34\/revisions"}],"predecessor-version":[{"id":911,"href":"https:\/\/rafpurifiedwater.com\/index.php\/wp-json\/wp\/v2\/pages\/34\/revisions\/911"}],"wp:attachment":[{"href":"https:\/\/rafpurifiedwater.com\/index.php\/wp-json\/wp\/v2\/media?parent=34"}],"curies":[{"name":"wp","href":"https:\/\/api.w.org\/{rel}","templated":true}]}}