{"id":18,"date":"2024-05-24T04:14:53","date_gmt":"2024-05-24T03:14:53","guid":{"rendered":"https:\/\/rafwater.com\/?page_id=18"},"modified":"2024-11-12T12:40:38","modified_gmt":"2024-11-12T12:40:38","slug":"la-problematica","status":"publish","type":"page","link":"https:\/\/rafpurifiedwater.com\/index.php\/la-problematica\/","title":{"rendered":"LA PROBLEM\u00c1TICA"},"content":{"rendered":"<div class=\"wpb-content-wrapper\"><p>[vc_row full_width=&#8221;stretch_row_content_no_spaces&#8221; el_disable_mobile=&#8221;1&#8243; el_class=&#8221;banner&#8221; css=&#8221;.vc_custom_1716864299558{margin-top: 0px !important;margin-right: 0px !important;margin-bottom: 0px !important;margin-left: 0px !important;border-top-width: 0px !important;border-right-width: 0px !important;border-bottom-width: 0px !important;border-left-width: 0px !important;padding-top: 0px !important;padding-right: 0px !important;padding-bottom: 0px !important;padding-left: 0px !important;}&#8221;][vc_column]<div class=\"avt_masterslider_el \" >\n\t\t<!-- MasterSlider -->\n\t\t<div id=\"P_MS69de228e812ef\" class=\"master-slider-parent ms-parent-id-2\" style=\"\" >\n\n\t\t\t\n\t\t\t<!-- MasterSlider Main -->\n\t\t\t<div id=\"MS69de228e812ef\" class=\"master-slider ms-skin-default\" >\n\t\t\t\t \t\t\t\t \n<div class=\"ms-overlay-layers\">\t\t\t\t\t<img  class=\"ms-layer\" src=\"https:\/\/rafpurifiedwater.com\/wp-content\/plugins\/masterslider\/public\/assets\/css\/blank.gif\" data-src=\"https:\/\/rafpurifiedwater.com\/wp-content\/uploads\/2024\/05\/white-wave-lower.png\" alt=\"\" style=\"\"     data-ease=\"easeOutQuint\"        data-type=\"image\"          data-offset-x=\"0\" data-offset-y=\"506\" data-origin=\"tl\"  \/>\n\n<\/div>\n\t\t\t<div  class=\"ms-slide\" data-delay=\"3\" data-fill-mode=\"fill\"   >\n\t\t\t\t\t<img src=\"https:\/\/rafpurifiedwater.com\/wp-content\/plugins\/masterslider\/public\/assets\/css\/blank.gif\" alt=\"\" title=\"banner1x\" data-src=\"https:\/\/rafpurifiedwater.com\/wp-content\/uploads\/2024\/05\/bannerceleste1.jpg\" \/>\n\n\n\t\t\t\t<\/div>\n\n\t\t\t<\/div>\n\t\t\t<!-- END MasterSlider Main -->\n\n\t\t\t \n\t\t<\/div>\n\t\t<!-- END MasterSlider -->\n\n\t\t<script>\n\t\t( window.MSReady = window.MSReady || [] ).push( function( $ ) {\n\n\t\t\t\"use strict\";\n\t\t\tvar masterslider_12ef = new MasterSlider();\n\n\t\t\t\/\/ slider controls\n\t\t\t\/\/ slider setup\n\t\t\tmasterslider_12ef.setup(\"MS69de228e812ef\", {\n\t\t\t\twidth           : 1920,\n\t\t\t\theight          : 550,\n\t\t\t\tminHeight       : 0,\n\t\t\t\tspace           : 0,\n\t\t\t\tstart           : 1,\n\t\t\t\tgrabCursor      : true,\n\t\t\t\tswipe           : true,\n\t\t\t\tmouse           : true,\n\t\t\t\tkeyboard        : false,\n\t\t\t\tlayout          : \"fillwidth\",\n\t\t\t\twheel           : false,\n\t\t\t\tautoplay        : false,\n                instantStartLayers:false,\n\t\t\t\tmobileBGVideo:false,\n\t\t\t\tloop            : false,\n\t\t\t\tshuffle         : false,\n\t\t\t\tpreload         : 0,\n\t\t\t\theightLimit     : true,\n\t\t\t\tautoHeight      : false,\n\t\t\t\tsmoothHeight    : true,\n\t\t\t\tendPause        : false,\n\t\t\t\toverPause       : true,\n\t\t\t\tfillMode        : \"fill\",\n\t\t\t\tcenterControls  : true,\n\t\t\t\tstartOnAppear   : false,\n\t\t\t\tlayersMode      : \"center\",\n\t\t\t\tautofillTarget  : \"\",\n\t\t\t\thideLayers      : false,\n\t\t\t\tfullscreenMargin: 0,\n\t\t\t\tspeed           : 20,\n\t\t\t\tdir             : \"h\",\n\t\t\t\tresponsive      : true,\n\t\t\t\ttabletWidth     : 768,\n\t\t\t\ttabletHeight    : null,\n\t\t\t\tphoneWidth      : 480,\n\t\t\t\tphoneHeight    : null,\n\t\t\t\tsizingReference : window,\n\t\t\t\tparallaxMode    : 'swipe',\n\t\t\t\tview            : \"basic\"\n\t\t\t});\n\n\t\t\t\n\t\t\twindow.masterslider_instances = window.masterslider_instances || [];\n\t\t\twindow.masterslider_instances.push( masterslider_12ef );\n\t\t});\n\t\t<\/script>\n\n<\/div>[\/vc_column][\/vc_row][vc_row full_width=&#8221;stretch_row_content_no_spaces&#8221; el_disable_desktop=&#8221;1&#8243; el_class=&#8221;banner&#8221; css=&#8221;.vc_custom_1716864747511{margin-top: 0px !important;margin-right: 0px !important;margin-bottom: 0px !important;margin-left: 0px !important;border-top-width: 0px !important;border-right-width: 0px !important;border-bottom-width: 0px !important;border-left-width: 0px !important;padding-top: 0px !important;padding-right: 0px !important;padding-bottom: 0px !important;padding-left: 0px !important;}&#8221;][vc_column]<div class=\"avt_masterslider_el \" >\n\t\t<!-- MasterSlider -->\n\t\t<div id=\"P_MS69de228e81945\" class=\"master-slider-parent ms-parent-id-3\" style=\"\" >\n\n\t\t\t\n\t\t\t<!-- MasterSlider Main -->\n\t\t\t<div id=\"MS69de228e81945\" class=\"master-slider ms-skin-default\" >\n\t\t\t\t \t\t\t\t \n\n\t\t\t<div  class=\"ms-slide\" data-delay=\"3\" data-fill-mode=\"fill\"   >\n\t\t\t\t\t<img src=\"https:\/\/rafpurifiedwater.com\/wp-content\/plugins\/masterslider\/public\/assets\/css\/blank.gif\" alt=\"\" title=\"bannercel1\" data-src=\"https:\/\/rafpurifiedwater.com\/wp-content\/uploads\/2024\/05\/bannercel1.jpg\" \/>\n\n\n\t\t\t\t<\/div>\n\t\t\t<div  class=\"ms-slide\" data-delay=\"3\" data-fill-mode=\"fill\"   >\n\n\n\t\t\t\t<\/div>\n\t\t\t<div  class=\"ms-slide\" data-delay=\"3\" data-fill-mode=\"fill\"   >\n\n\n\t\t\t\t<\/div>\n\n\t\t\t<\/div>\n\t\t\t<!-- END MasterSlider Main -->\n\n\t\t\t \n\t\t<\/div>\n\t\t<!-- END MasterSlider -->\n\n\t\t<script>\n\t\t( window.MSReady = window.MSReady || [] ).push( function( $ ) {\n\n\t\t\t\"use strict\";\n\t\t\tvar masterslider_1945 = new MasterSlider();\n\n\t\t\t\/\/ slider controls\n\t\t\tmasterslider_1945.control('arrows'     ,{ autohide:true, overVideo:true  });\n\t\t\t\/\/ slider setup\n\t\t\tmasterslider_1945.setup(\"MS69de228e81945\", {\n\t\t\t\twidth           : 800,\n\t\t\t\theight          : 930,\n\t\t\t\tminHeight       : 0,\n\t\t\t\tspace           : 0,\n\t\t\t\tstart           : 1,\n\t\t\t\tgrabCursor      : true,\n\t\t\t\tswipe           : true,\n\t\t\t\tmouse           : true,\n\t\t\t\tkeyboard        : false,\n\t\t\t\tlayout          : \"fillwidth\",\n\t\t\t\twheel           : false,\n\t\t\t\tautoplay        : false,\n                instantStartLayers:false,\n\t\t\t\tmobileBGVideo:false,\n\t\t\t\tloop            : true,\n\t\t\t\tshuffle         : false,\n\t\t\t\tpreload         : 0,\n\t\t\t\theightLimit     : true,\n\t\t\t\tautoHeight      : false,\n\t\t\t\tsmoothHeight    : true,\n\t\t\t\tendPause        : false,\n\t\t\t\toverPause       : true,\n\t\t\t\tfillMode        : \"fill\",\n\t\t\t\tcenterControls  : true,\n\t\t\t\tstartOnAppear   : false,\n\t\t\t\tlayersMode      : \"center\",\n\t\t\t\tautofillTarget  : \"\",\n\t\t\t\thideLayers      : false,\n\t\t\t\tfullscreenMargin: 0,\n\t\t\t\tspeed           : 20,\n\t\t\t\tdir             : \"h\",\n\t\t\t\tresponsive      : true,\n\t\t\t\ttabletWidth     : 768,\n\t\t\t\ttabletHeight    : null,\n\t\t\t\tphoneWidth      : 480,\n\t\t\t\tphoneHeight    : null,\n\t\t\t\tsizingReference : window,\n\t\t\t\tparallaxMode    : 'swipe',\n\t\t\t\tview            : \"basic\"\n\t\t\t});\n\n\t\t\t\n\t\t\twindow.masterslider_instances = window.masterslider_instances || [];\n\t\t\twindow.masterslider_instances.push( masterslider_1945 );\n\t\t});\n\t\t<\/script>\n\n<\/div>[\/vc_column][\/vc_row][vc_row full_width=&#8221;stretch_row&#8221; css=&#8221;.vc_custom_1717112853243{padding-top: 20px !important;padding-bottom: 0px !important;background-image: url(https:\/\/rafpurifiedwater.com\/wp-content\/uploads\/2024\/05\/fondopagina.jpg?id=483) !important;}&#8221; mobile_padding_left=&#8221;0&#8243; mobile_padding_right=&#8221;0&#8243; el_id=&#8221;problematica&#8221;][vc_column][vc_column_text css=&#8221;.vc_custom_1717132697010{margin-bottom: 0px !important;padding-top: 30px !important;padding-right: 30px !important;padding-bottom: 30px !important;padding-left: 30px !important;background-color: #ffffff !important;}&#8221;]<\/p>\n<h1 style=\"text-align: center;\"><span style=\"color: #05387a;\">LA<br \/>\n<\/span><span style=\"color: #05387a;\"><span style=\"color: #00ccff;\">PROBLEM\u00c1TICA<\/span><\/span><span style=\"color: #05387a;\"><br \/>\n<img class=\"alignnone wp-image-172\" src=\"https:\/\/rafpurifiedwater.com\/wp-content\/uploads\/2024\/05\/heading-bg.png\" alt=\"\" width=\"84\" height=\"15\" \/><\/span><\/h1>\n<p>[\/vc_column_text][vc_row_inner css=&#8221;.vc_custom_1717134329807{margin-right: 0px !important;margin-bottom: 0px !important;margin-left: 0px !important;padding-right: 39px !important;padding-bottom: 0px !important;padding-left: 29px !important;background-color: #ffffff !important;}&#8221;][vc_column_inner width=&#8221;1\/2&#8243; css=&#8221;.vc_custom_1717111859883{padding-right: 0px !important;}&#8221; mobile_padding_left=&#8221;0&#8243; mobile_padding_right=&#8221;0&#8243;][vc_column_text][\/vc_column_text][vc_column_text css=&#8221;.vc_custom_1716973034095{padding-right: 0px !important;}&#8221;]El agua que consumimos en nuestras casas, es agua residual contaminada que ha sido reciclada en una planta de tratamiento y proviene de:<\/p>\n<ul>\n<li>Hospitales<\/li>\n<li>La Morgue<\/li>\n<li>Dentistas<\/li>\n<li>Ba\u00f1os P\u00fablicos<\/li>\n<li>F\u00e1bricas<\/li>\n<li>Restaurantes<\/li>\n<li>Aguas de riego<\/li>\n<li>Agua de lluvia<\/li>\n<\/ul>\n<p>[\/vc_column_text][\/vc_column_inner][vc_column_inner width=&#8221;1\/2&#8243; css=&#8221;.vc_custom_1717133076351{padding-right: 0px !important;padding-left: 0px !important;}&#8221;][vc_images_carousel images=&#8221;559,557,556,560,561,566,563,562&#8243; img_size=&#8221;full&#8221; onclick=&#8221;link_no&#8221; speed=&#8221;500&#8243; autoplay=&#8221;yes&#8221; hide_pagination_control=&#8221;yes&#8221; hide_prev_next_buttons=&#8221;yes&#8221; wrap=&#8221;yes&#8221; el_class=&#8221;imagen&#8221; css=&#8221;.vc_custom_1717133066816{padding-right: 0px !important;padding-left: 0px !important;}&#8221;][\/vc_column_inner][\/vc_row_inner][vc_row_inner css=&#8221;.vc_custom_1717134313640{margin-right: 0px !important;margin-bottom: 0px !important;margin-left: 0px !important;padding-right: 39px !important;padding-left: 29px !important;background-color: #ffffff !important;}&#8221;][vc_column_inner width=&#8221;1\/2&#8243; mobile_padding_left=&#8221;0&#8243; mobile_padding_right=&#8221;0&#8243;][vc_column_text css=&#8221;.vc_custom_1717111883875{margin-right: 0px !important;margin-bottom: 0px !important;margin-left: 0px !important;padding-right: 0px !important;padding-left: 0px !important;background-color: #ffffff !important;}&#8221;]Las aguas residuales m\u00e1s peligrosas\u00a0 son: las cl\u00ednicas y los hospitales. Estas aguas tienen rastros de medicamentos y farmacos usados para tratar enfermedades como:<\/p>\n<ul>\n<li>Coronavirus<\/li>\n<li>E. Coli<\/li>\n<li>Influenza<\/li>\n<li>Sida<\/li>\n<li>C\u00e1ncer<\/li>\n<li>Tuberculosis<\/li>\n<li>Cryptosporidium<\/li>\n<\/ul>\n<p>[\/vc_column_text][\/vc_column_inner][vc_column_inner width=&#8221;1\/2&#8243; css=&#8221;.vc_custom_1717133027271{padding-right: 0px !important;padding-left: 0px !important;}&#8221;][vc_single_image image=&#8221;569&#8243; img_size=&#8221;full&#8221; el_class=&#8221;imagen&#8221; css=&#8221;.vc_custom_1717133009859{padding-right: 0px !important;padding-left: 0px !important;}&#8221;][\/vc_column_inner][\/vc_row_inner][vc_row_inner css=&#8221;.vc_custom_1717134339671{margin-right: 0px !important;margin-bottom: 0px !important;margin-left: 0px !important;padding-right: 39px !important;padding-left: 29px !important;background-color: #ffffff !important;}&#8221;][vc_column_inner width=&#8221;1\/2&#8243; mobile_padding_left=&#8221;0&#8243; mobile_padding_right=&#8221;0&#8243;][vc_column_text css=&#8221;.vc_custom_1717112245940{margin-bottom: 0px !important;background-color: #ffffff !important;}&#8221;]Adem\u00e1s, muchas de las tuber\u00edas que llevan el agua hasta nuestras casas acumulan suciedad y materiales t\u00f3xicos que pueden contaminar el agua.[\/vc_column_text][\/vc_column_inner][vc_column_inner width=&#8221;1\/2&#8243; css=&#8221;.vc_custom_1717133127943{padding-right: 0px !important;padding-left: 0px !important;}&#8221;][vc_single_image image=&#8221;581&#8243; img_size=&#8221;full&#8221; el_class=&#8221;imagen&#8221; css=&#8221;.vc_custom_1717133112682{padding-right: 0px !important;padding-left: 0px !important;}&#8221;][\/vc_column_inner][\/vc_row_inner][vc_row_inner css=&#8221;.vc_custom_1717134358592{margin-right: 0px !important;margin-bottom: 0px !important;margin-left: 0px !important;padding-right: 39px !important;padding-left: 29px !important;background-color: #ffffff !important;}&#8221;][vc_column_inner width=&#8221;1\/2&#8243; mobile_padding_left=&#8221;0&#8243; mobile_padding_right=&#8221;0&#8243;][vc_column_text css=&#8221;.vc_custom_1716970749433{margin-bottom: 0px !important;background-color: #ffffff !important;}&#8221;]Sab\u00edas que los pesticidas y herbicidas que utilizan en la agricultura aparecen el el agua?[\/vc_column_text][\/vc_column_inner][vc_column_inner width=&#8221;1\/2&#8243; css=&#8221;.vc_custom_1717133148824{padding-right: 0px !important;padding-left: 0px !important;}&#8221;][vc_single_image image=&#8221;583&#8243; img_size=&#8221;full&#8221; el_class=&#8221;imagen&#8221; css=&#8221;.vc_custom_1717133138960{padding-right: 0px !important;padding-left: 0px !important;}&#8221;][\/vc_column_inner][\/vc_row_inner][vc_row_inner css=&#8221;.vc_custom_1717134365791{margin-right: 0px !important;margin-bottom: 0px !important;margin-left: 0px !important;padding-right: 39px !important;padding-bottom: 30px !important;padding-left: 29px !important;background-color: #ffffff !important;}&#8221;][vc_column_inner width=&#8221;1\/2&#8243; mobile_padding_left=&#8221;0&#8243; mobile_padding_right=&#8221;0&#8243;][vc_column_text css=&#8221;.vc_custom_1716970780817{margin-bottom: 0px !important;background-color: #ffffff !important;}&#8221;]Las plantas de tratamiento de agua tienen un sistema de filtraciones y decantaciones. Adem\u00e1s se le agrega al agua grandes cantidades de qu\u00edmicos como sulfato de aluminio, cloruro f\u00e9rrico, hipoclorito de sodio y\u00a0 cloro, para ser enviada de nuevo a nuestros hogares.[\/vc_column_text][\/vc_column_inner][vc_column_inner width=&#8221;1\/2&#8243; css=&#8221;.vc_custom_1717133158273{padding-right: 0px !important;padding-left: 0px !important;}&#8221;][vc_single_image image=&#8221;558&#8243; img_size=&#8221;full&#8221; el_class=&#8221;imagen&#8221; css=&#8221;.vc_custom_1717133166096{padding-right: 0px !important;padding-left: 0px !important;}&#8221;][\/vc_column_inner][\/vc_row_inner][vc_row_inner css=&#8221;.vc_custom_1717134373273{margin-right: 0px !important;margin-bottom: 0px !important;margin-left: 0px !important;padding-right: 39px !important;padding-bottom: 30px !important;padding-left: 29px !important;background-color: #ffffff !important;}&#8221;][vc_column_inner width=&#8221;1\/2&#8243; mobile_padding_left=&#8221;0&#8243; mobile_padding_right=&#8221;0&#8243;][vc_column_text css=&#8221;.vc_custom_1717133915537{margin-bottom: 0px !important;background-color: #ffffff !important;}&#8221;]El agua embotellada al estar en contacto con el pl\u00e1stico, puede estar expuesto a toxinas nocivas procedentes del mismo.<\/p>\n<p>Las botellas de agua m\u00e1s antiguas o expuestas al sol tienen mayor cantidad de toxinas como el BPA (producto qu\u00edmico utilizado para la fabricaci\u00f3n de pl\u00e1sticos) que pueden llegar al torrente sangu\u00edneo.<\/p>\n<p>Esta exposici\u00f3n a sustancias nocivas para el humano puede generar una serie de problemas, como varios tipos de c\u00e1ncer y da\u00f1os al h\u00edgado y los ri\u00f1ones.<\/p>\n<div id=\"gtx-trans\" style=\"position: absolute; left: -44px; top: 29.7969px;\">\n<div class=\"gtx-trans-icon\"><\/div>\n<\/div>\n<p>[\/vc_column_text][\/vc_column_inner][vc_column_inner width=&#8221;1\/2&#8243; css=&#8221;.vc_custom_1717133178576{padding-right: 0px !important;padding-left: 0px !important;}&#8221;][vc_single_image image=&#8221;739&#8243; img_size=&#8221;full&#8221; el_class=&#8221;imagen&#8221; css=&#8221;.vc_custom_1717133753899{padding-right: 0px !important;padding-left: 0px !important;}&#8221;][\/vc_column_inner][\/vc_row_inner][\/vc_column][\/vc_row][vc_row][vc_column width=&#8221;1\/4&#8243;][vc_column_text]<a href=\"https:\/\/rafsolarpower.com\/\" target=\"_blank\" rel=\"noopener\"><img class=\"wp-image-845 aligncenter\" src=\"https:\/\/rafpurifiedwater.com\/wp-content\/uploads\/2024\/06\/logo.png\" alt=\"\" width=\"219\" height=\"82\" \/><\/a>[\/vc_column_text][\/vc_column][vc_column width=&#8221;1\/4&#8243;][vc_column_text]<a href=\"https:\/\/wqa.org\/grow\/product-certification\/\" target=\"_blank\" rel=\"noopener\"><img class=\"wp-image-764 aligncenter\" src=\"https:\/\/rafpurifiedwater.com\/wp-content\/uploads\/2024\/05\/waterqualitytested.png\" alt=\"\" width=\"82\" height=\"82\" \/><\/a>[\/vc_column_text][\/vc_column][vc_column width=&#8221;1\/4&#8243;][vc_column_text]<a href=\"https:\/\/www.bbb.org\/us\/md\/hagerstown\/profile\/solar-energy-product-services\/raf-solar-power-llc-0011-90369516\" target=\"_blank\" rel=\"noopener\"><img class=\"wp-image-755 aligncenter\" src=\"https:\/\/rafpurifiedwater.com\/wp-content\/uploads\/2024\/05\/bbblogo.png\" alt=\"\" width=\"210\" height=\"80\" \/><\/a>[\/vc_column_text][\/vc_column][vc_column width=&#8221;1\/4&#8243;][vc_column_text]<a href=\"https:\/\/wqa.org\/\" target=\"_blank\" rel=\"noopener\"><img class=\"wp-image-758 aligncenter\" src=\"https:\/\/rafpurifiedwater.com\/wp-content\/uploads\/2024\/05\/waterquality.jpg\" alt=\"\" width=\"185\" height=\"80\" \/><\/a>[\/vc_column_text][\/vc_column][\/vc_row][vc_row full_width=&#8221;stretch_row_content_no_spaces&#8221; css=&#8221;.vc_custom_1716777058311{margin-top: 0px !important;margin-right: 0px !important;margin-bottom: 0px !important;margin-left: 0px !important;padding-top: 0px !important;background-color: #002c70 !important;}&#8221; el_id=&#8221;divisorfooter&#8221;][vc_column css=&#8221;.vc_custom_1716702536685{padding-top: 0px !important;}&#8221;][vc_single_image image=&#8221;27&#8243; img_size=&#8221;full&#8221;][\/vc_column][\/vc_row][vc_row full_width=&#8221;stretch_row&#8221; background_position_desktop=&#8221;center bottom&#8221; css=&#8221;.vc_custom_1717395677056{padding-top: 20px !important;padding-bottom: 30px !important;background: #002c70 url(https:\/\/rafpurifiedwater.com\/wp-content\/uploads\/2024\/05\/footerback3.png?id=338) !important;}&#8221; el_id=&#8221;footer&#8221;][vc_column width=&#8221;1\/3&#8243; css=&#8221;.vc_custom_1717395744215{padding-top: 0px !important;padding-right: 40px !important;padding-left: 40px !important;}&#8221;][vc_column_text]<img class=\"alignnone wp-image-905 size-medium\" src=\"https:\/\/rafpurifiedwater.com\/wp-content\/uploads\/2024\/11\/logo-raf-webw-300x137.png\" alt=\"\" width=\"300\" height=\"137\" srcset=\"https:\/\/rafpurifiedwater.com\/wp-content\/uploads\/2024\/11\/logo-raf-webw-300x137.png 300w, https:\/\/rafpurifiedwater.com\/wp-content\/uploads\/2024\/11\/logo-raf-webw.png 657w\" sizes=\"(max-width: 300px) 100vw, 300px\" \/>[\/vc_column_text][\/vc_column][vc_column width=&#8221;1\/3&#8243; css=&#8221;.vc_custom_1717396412325{padding-top: 20px !important;padding-left: 85px !important;}&#8221;]<div class=\"gem-icon-with-text gem-icon-with-text-icon-size-small disable-mobile-centered gem-icon-with-text-flow\" ><div style=\"margin-bottom:0px;margin-top:0px; \" class=\"gem-icon-with-text-icon\"><div class=\"gem-icon gem-icon-pack-elegant gem-icon-size-small  gem-icon-shape-square gem-simple-icon\"  style=\"opacity: 1;\"><div class=\"gem-icon-inner\" style=\"\"><span class=\"gem-icon-half-1\" style=\"color: #28c5ff;\"><span class=\"back-angle\">&#xe01d;<\/span><\/span><span class=\"gem-icon-half-2\" style=\"color: #28c5ff;\"><span class=\"back-angle\">&#xe01d;<\/span><\/span><\/div><\/div><\/div><div class=\"gem-icon-with-text-content\" ><div class=\"gem-icon-with-text-text\">[vc_column_text css=&#8221;.vc_custom_1716720119020{margin-bottom: 12px !important;}&#8221;]<strong>Direcci\u00f3n:<\/strong>[\/vc_column_text][vc_column_text]18218 Rockland Drive<br \/>\nHagerstown, MD\u00a0 21740<br \/>\nUnited States[\/vc_column_text]<\/div><\/div><div class=\"clearboth\"><\/div><\/div>[\/vc_column][vc_column width=&#8221;1\/3&#8243; css=&#8221;.vc_custom_1716778966933{padding-top: 20px !important;}&#8221;]<div class=\"gem-icon-with-text gem-icon-with-text-icon-size-large disable-mobile-centered gem-icon-with-text-flow\" ><div style=\"margin-bottom:0px;margin-top:0px; \" class=\"gem-icon-with-text-icon\"><div class=\"gem-icon gem-icon-pack-fontawesome gem-icon-size-large  gem-icon-shape-square gem-simple-icon\"  style=\"opacity: 1;\"><div class=\"gem-icon-inner\" style=\"\"><span class=\"gem-icon-half-1\" style=\"color: #28c5ff;\"><span class=\"back-angle\">&#xf10b;<\/span><\/span><span class=\"gem-icon-half-2\" style=\"color: #28c5ff;\"><span class=\"back-angle\">&#xf10b;<\/span><\/span><\/div><\/div><\/div><div class=\"gem-icon-with-text-content\" ><div class=\"gem-icon-with-text-text\">[vc_column_text]<strong>Tel\u00e9fono:\u00a0<\/strong><br \/>\n+1 703-357-5262<br \/>\n<span style=\"padding: 0 0 0 34px;\">+1 703 599 8381<\/span>[\/vc_column_text]<\/div><\/div><div class=\"clearboth\"><\/div><\/div><div class=\"gem-icon-with-text gem-icon-with-text-icon-size-large disable-mobile-centered gem-icon-with-text-flow\" ><div style=\"margin-bottom:0px;margin-top:0px; \" class=\"gem-icon-with-text-icon\"><div class=\"gem-icon gem-icon-pack-fontawesome gem-icon-size-large  gem-icon-shape-square gem-simple-icon\"  style=\"opacity: 1;\"><div class=\"gem-icon-inner\" style=\"\"><span class=\"gem-icon-half-1\" style=\"color: #28c5ff;\"><span class=\"back-angle\">&#xf10b;<\/span><\/span><span class=\"gem-icon-half-2\" style=\"color: #28c5ff;\"><span class=\"back-angle\">&#xf10b;<\/span><\/span><\/div><\/div><\/div><div class=\"gem-icon-with-text-content\" ><div class=\"gem-icon-with-text-text\">[vc_column_text]<strong>Servicio al cliente: <\/strong>+1 240-543-9381[\/vc_column_text]<\/div><\/div><div class=\"clearboth\"><\/div><\/div><div class=\"gem-icon-with-text gem-icon-with-text-icon-size-small disable-mobile-centered gem-icon-with-text-flow\" ><div style=\"margin-bottom:0px;margin-top:-3px; \" class=\"gem-icon-with-text-icon\"><div class=\"gem-icon gem-icon-pack-elegant gem-icon-size-small  gem-icon-shape-square gem-simple-icon\"  style=\"opacity: 1;\"><div class=\"gem-icon-inner\" style=\"\"><span class=\"gem-icon-half-1\" style=\"color: #28c5ff;\"><span class=\"back-angle\">&#xe010;<\/span><\/span><span class=\"gem-icon-half-2\" style=\"color: #28c5ff;\"><span class=\"back-angle\">&#xe010;<\/span><\/span><\/div><\/div><\/div><div class=\"gem-icon-with-text-content\" ><div class=\"gem-icon-with-text-text\">[vc_column_text]<strong>Email:<\/strong> <a style=\"color: #00bcd4;\" href=\"info@rafwater.com\">info@rafwater.com<\/a>[\/vc_column_text]<\/div><\/div><div class=\"clearboth\"><\/div><\/div>[\/vc_column][\/vc_row][vc_row full_width=&#8221;stretch_row_content&#8221; el_id=&#8221;copyright&#8221;][vc_column width=&#8221;1\/2&#8243;][vc_column_text css=&#8221;.vc_custom_1717107101777{margin-bottom: 0px !important;}&#8221;]<span style=\"color: #99a9b5;\">\u00a9 Copyright 2024 <a href=\"#\">RAF WATER LLC<\/a><\/span>[\/vc_column_text][\/vc_column][vc_column width=&#8221;1\/2&#8243;]<div class=\"socials socials-list socials-colored socials-default socials-alignment-right\"><a class=\"socials-item\" target=\"_blank\" href=\"#\"><i class=\"socials-item-icon facebook\" style=\"font-size: 21px\"><\/i><\/a><a class=\"socials-item\" target=\"_blank\" href=\"#\"><i class=\"socials-item-icon twitter\" style=\"font-size: 21px\"><\/i><\/a><a class=\"socials-item\" target=\"_blank\" href=\"#\"><i class=\"socials-item-icon instagram\" style=\"font-size: 21px\"><\/i><\/a><\/div>[\/vc_column][\/vc_row]<\/p>\n<\/div>","protected":false},"excerpt":{"rendered":"<p>[vc_row full_width=&#8221;stretch_row_content_no_spaces&#8221; el_disable_mobile=&#8221;1&#8243; el_class=&#8221;banner&#8221; css=&#8221;.vc_custom_1716864299558{margin-top: 0px !important;margin-right: 0px !important;margin-bottom: 0px !important;margin-left: 0px !important;border-top-width: 0px !important;border-right-width: 0px !important;border-bottom-width: 0px !important;border-left-width: 0px&#8230;<\/p>\n","protected":false},"author":1,"featured_media":0,"parent":0,"menu_order":0,"comment_status":"closed","ping_status":"closed","template":"","meta":{"footnotes":""},"class_list":["post-18","page","type-page","status-publish"],"_links":{"self":[{"href":"https:\/\/rafpurifiedwater.com\/index.php\/wp-json\/wp\/v2\/pages\/18","targetHints":{"allow":["GET"]}}],"collection":[{"href":"https:\/\/rafpurifiedwater.com\/index.php\/wp-json\/wp\/v2\/pages"}],"about":[{"href":"https:\/\/rafpurifiedwater.com\/index.php\/wp-json\/wp\/v2\/types\/page"}],"author":[{"embeddable":true,"href":"https:\/\/rafpurifiedwater.com\/index.php\/wp-json\/wp\/v2\/users\/1"}],"replies":[{"embeddable":true,"href":"https:\/\/rafpurifiedwater.com\/index.php\/wp-json\/wp\/v2\/comments?post=18"}],"version-history":[{"count":111,"href":"https:\/\/rafpurifiedwater.com\/index.php\/wp-json\/wp\/v2\/pages\/18\/revisions"}],"predecessor-version":[{"id":909,"href":"https:\/\/rafpurifiedwater.com\/index.php\/wp-json\/wp\/v2\/pages\/18\/revisions\/909"}],"wp:attachment":[{"href":"https:\/\/rafpurifiedwater.com\/index.php\/wp-json\/wp\/v2\/media?parent=18"}],"curies":[{"name":"wp","href":"https:\/\/api.w.org\/{rel}","templated":true}]}}